{"id":7,"date":"2026-03-25T09:43:54","date_gmt":"2026-03-25T09:43:54","guid":{"rendered":"https:\/\/barelnorte.rkinformatika.online\/?page_id=7"},"modified":"2026-03-25T11:16:30","modified_gmt":"2026-03-25T11:16:30","slug":"servicios","status":"publish","type":"page","link":"https:\/\/barelnorte.com\/eu\/servicios\/","title":{"rendered":"Zerbitzuak"},"content":{"rendered":"<div data-elementor-type=\"wp-page\" data-elementor-id=\"7\" class=\"elementor elementor-7\" data-elementor-post-type=\"page\">\n\t\t\t\t<div class=\"elementor-element elementor-element-c3da7ec e-flex e-con-boxed e-con e-parent\" data-id=\"c3da7ec\" data-element_type=\"container\" data-e-type=\"container\" data-settings=\"{&quot;background_background&quot;:&quot;classic&quot;}\">\n\t\t\t\t\t<div class=\"e-con-inner\">\n\t\t<div class=\"elementor-element elementor-element-0ca50f5 e-con-full e-flex e-con e-child\" data-id=\"0ca50f5\" data-element_type=\"container\" data-e-type=\"container\">\n\t\t\t\t<\/div>\n\t\t\t\t\t<\/div>\n\t\t\t\t<\/div>\n\t\t<div class=\"elementor-element elementor-element-52d69f6 e-flex e-con-boxed elementor-invisible e-con e-parent\" data-id=\"52d69f6\" data-element_type=\"container\" data-e-type=\"container\" data-settings=\"{&quot;background_background&quot;:&quot;classic&quot;,&quot;animation&quot;:&quot;fadeInLeft&quot;}\">\n\t\t\t\t\t<div class=\"e-con-inner\">\n\t\t<div class=\"elementor-element elementor-element-24bf053 e-con-full e-flex e-con e-child\" data-id=\"24bf053\" data-element_type=\"container\" data-e-type=\"container\">\n\t\t\t\t<div class=\"elementor-element elementor-element-4ca1567 elementor-widget elementor-widget-heading\" data-id=\"4ca1567\" data-element_type=\"widget\" data-e-type=\"widget\" data-widget_type=\"heading.default\">\n\t\t\t\t\t<h2 class=\"elementor-heading-title elementor-size-default\">Carta<\/h2>\t\t\t\t<\/div>\n\t\t\t\t<div class=\"elementor-element elementor-element-b56ef5b elementor-widget__width-initial elementor-absolute elementor-widget elementor-widget-image\" data-id=\"b56ef5b\" data-element_type=\"widget\" data-e-type=\"widget\" data-settings=\"{&quot;_position&quot;:&quot;absolute&quot;}\" data-widget_type=\"image.default\">\n\t\t\t\t\t\t\t\t\t\t\t\t\t\t\t<img fetchpriority=\"high\" decoding=\"async\" width=\"300\" height=\"245\" src=\"https:\/\/barelnorte.com\/wp-content\/uploads\/2026\/03\/ico_logo-300x245.jpg\" class=\"attachment-medium size-medium wp-image-27\" alt=\"\" srcset=\"https:\/\/barelnorte.com\/wp-content\/uploads\/2026\/03\/ico_logo-300x245.jpg 300w, https:\/\/barelnorte.com\/wp-content\/uploads\/2026\/03\/ico_logo-15x12.jpg 15w, https:\/\/barelnorte.com\/wp-content\/uploads\/2026\/03\/ico_logo.jpg 313w\" sizes=\"(max-width: 300px) 100vw, 300px\" \/>\t\t\t\t\t\t\t\t\t\t\t\t\t\t\t<\/div>\n\t\t\t\t<div class=\"elementor-element elementor-element-6542e53 elementor-widget elementor-widget-heading\" data-id=\"6542e53\" data-element_type=\"widget\" data-e-type=\"widget\" data-widget_type=\"heading.default\">\n\t\t\t\t\t<h2 class=\"elementor-heading-title elementor-size-default\">Nuestros Men\u00fa<\/h2>\t\t\t\t<\/div>\n\t\t\t\t<div class=\"elementor-element elementor-element-3ffcefd elementor-widget elementor-widget-gallery\" data-id=\"3ffcefd\" data-element_type=\"widget\" data-e-type=\"widget\" data-settings=\"{&quot;columns&quot;:3,&quot;lazyload&quot;:&quot;yes&quot;,&quot;gallery_layout&quot;:&quot;grid&quot;,&quot;columns_tablet&quot;:2,&quot;columns_mobile&quot;:1,&quot;gap&quot;:{&quot;unit&quot;:&quot;px&quot;,&quot;size&quot;:10,&quot;sizes&quot;:[]},&quot;gap_tablet&quot;:{&quot;unit&quot;:&quot;px&quot;,&quot;size&quot;:10,&quot;sizes&quot;:[]},&quot;gap_mobile&quot;:{&quot;unit&quot;:&quot;px&quot;,&quot;size&quot;:10,&quot;sizes&quot;:[]},&quot;link_to&quot;:&quot;file&quot;,&quot;aspect_ratio&quot;:&quot;3:2&quot;,&quot;overlay_background&quot;:&quot;yes&quot;,&quot;content_hover_animation&quot;:&quot;fade-in&quot;}\" data-widget_type=\"gallery.default\">\n\t\t\t\t\t\t\t<div class=\"elementor-gallery__container\">\n\t\t\t\t\t\t\t<a class=\"e-gallery-item elementor-gallery-item elementor-animated-content\" href=\"https:\/\/barelnorte.com\/wp-content\/uploads\/2026\/03\/3.jpeg\" data-elementor-open-lightbox=\"yes\" data-elementor-lightbox-slideshow=\"3ffcefd\" data-e-action-hash=\"#elementor-action%3Aaction%3Dlightbox%26settings%3DeyJpZCI6MjA4LCJ1cmwiOiJodHRwczpcL1wvYmFyZWxub3J0ZS5jb21cL3dwLWNvbnRlbnRcL3VwbG9hZHNcLzIwMjZcLzAzXC8zLmpwZWciLCJzbGlkZXNob3ciOiIzZmZjZWZkIn0%3D\">\n\t\t\t\t\t<div class=\"e-gallery-image elementor-gallery-item__image\" data-thumbnail=\"https:\/\/barelnorte.com\/wp-content\/uploads\/2026\/03\/3.jpeg\" data-width=\"1077\" data-height=\"1484\" aria-label=\"\" role=\"img\" ><\/div>\n\t\t\t\t\t\t\t\t\t\t\t<div class=\"elementor-gallery-item__overlay\"><\/div>\n\t\t\t\t\t\t\t\t\t\t\t\t\t\t<\/a>\n\t\t\t\t\t\t\t<a class=\"e-gallery-item elementor-gallery-item elementor-animated-content\" href=\"https:\/\/barelnorte.com\/wp-content\/uploads\/2026\/03\/2.jpeg\" data-elementor-open-lightbox=\"yes\" data-elementor-lightbox-slideshow=\"3ffcefd\" data-e-action-hash=\"#elementor-action%3Aaction%3Dlightbox%26settings%3DeyJpZCI6MjA5LCJ1cmwiOiJodHRwczpcL1wvYmFyZWxub3J0ZS5jb21cL3dwLWNvbnRlbnRcL3VwbG9hZHNcLzIwMjZcLzAzXC8yLmpwZWciLCJzbGlkZXNob3ciOiIzZmZjZWZkIn0%3D\">\n\t\t\t\t\t<div class=\"e-gallery-image elementor-gallery-item__image\" data-thumbnail=\"https:\/\/barelnorte.com\/wp-content\/uploads\/2026\/03\/2.jpeg\" data-width=\"1029\" data-height=\"1392\" aria-label=\"\" role=\"img\" ><\/div>\n\t\t\t\t\t\t\t\t\t\t\t<div class=\"elementor-gallery-item__overlay\"><\/div>\n\t\t\t\t\t\t\t\t\t\t\t\t\t\t<\/a>\n\t\t\t\t\t\t\t<a class=\"e-gallery-item elementor-gallery-item elementor-animated-content\" href=\"https:\/\/barelnorte.com\/wp-content\/uploads\/2026\/03\/1.jpeg\" data-elementor-open-lightbox=\"yes\" data-elementor-lightbox-slideshow=\"3ffcefd\" data-e-action-hash=\"#elementor-action%3Aaction%3Dlightbox%26settings%3DeyJpZCI6MjEwLCJ1cmwiOiJodHRwczpcL1wvYmFyZWxub3J0ZS5jb21cL3dwLWNvbnRlbnRcL3VwbG9hZHNcLzIwMjZcLzAzXC8xLmpwZWciLCJzbGlkZXNob3ciOiIzZmZjZWZkIn0%3D\">\n\t\t\t\t\t<div class=\"e-gallery-image elementor-gallery-item__image\" data-thumbnail=\"https:\/\/barelnorte.com\/wp-content\/uploads\/2026\/03\/1.jpeg\" data-width=\"1052\" data-height=\"1282\" aria-label=\"\" role=\"img\" ><\/div>\n\t\t\t\t\t\t\t\t\t\t\t<div class=\"elementor-gallery-item__overlay\"><\/div>\n\t\t\t\t\t\t\t\t\t\t\t\t\t\t<\/a>\n\t\t\t\t\t<\/div>\n\t\t\t\t\t<\/div>\n\t\t\t\t<\/div>\n\t\t\t\t\t<\/div>\n\t\t\t\t<\/div>\n\t\t<div class=\"elementor-element elementor-element-e2c1f72 e-flex e-con-boxed e-con e-parent\" data-id=\"e2c1f72\" data-element_type=\"container\" data-e-type=\"container\" data-settings=\"{&quot;background_background&quot;:&quot;classic&quot;}\">\n\t\t\t\t\t<div class=\"e-con-inner\">\n\t\t\t\t<div class=\"elementor-element elementor-element-3d43c59 elementor-widget elementor-widget-heading\" data-id=\"3d43c59\" data-element_type=\"widget\" data-e-type=\"widget\" data-widget_type=\"heading.default\">\n\t\t\t\t\t<h2 class=\"elementor-heading-title elementor-size-default\">\u00a1Aqu\u00ed cada d\u00eda es buena excusa para reunirse alrededor de una mesa!<\/h2>\t\t\t\t<\/div>\n\t\t\t\t<div class=\"elementor-element elementor-element-f32a6a5 elementor-tablet-align-center elementor-invisible elementor-widget elementor-widget-button\" data-id=\"f32a6a5\" data-element_type=\"widget\" data-e-type=\"widget\" data-settings=\"{&quot;_animation&quot;:&quot;fadeInLeft&quot;}\" data-widget_type=\"button.default\">\n\t\t\t\t\t\t\t\t\t\t<a class=\"elementor-button elementor-button-link elementor-size-sm elementor-animation-pop\" href=\"\/eu\/contacto\/\">\n\t\t\t\t\t\t<span class=\"elementor-button-content-wrapper\">\n\t\t\t\t\t\t\t\t\t<span class=\"elementor-button-text\">Cont\u00e1ctanos<\/span>\n\t\t\t\t\t<\/span>\n\t\t\t\t\t<\/a>\n\t\t\t\t\t\t\t\t<\/div>\n\t\t\t\t\t<\/div>\n\t\t\t\t<\/div>\n\t\t<div class=\"elementor-element elementor-element-3835422 e-flex e-con-boxed elementor-invisible e-con e-parent\" data-id=\"3835422\" data-element_type=\"container\" data-e-type=\"container\" data-settings=\"{&quot;background_background&quot;:&quot;classic&quot;,&quot;animation&quot;:&quot;fadeInRight&quot;}\">\n\t\t\t\t\t<div class=\"e-con-inner\">\n\t\t<div class=\"elementor-element elementor-element-5fcc6f6 e-con-full e-flex e-con e-child\" data-id=\"5fcc6f6\" data-element_type=\"container\" data-e-type=\"container\">\n\t\t\t\t<div class=\"elementor-element elementor-element-214c228 elementor-widget__width-initial elementor-absolute elementor-widget elementor-widget-image\" data-id=\"214c228\" data-element_type=\"widget\" data-e-type=\"widget\" data-settings=\"{&quot;_position&quot;:&quot;absolute&quot;}\" data-widget_type=\"image.default\">\n\t\t\t\t\t\t\t\t\t\t\t\t\t\t\t<img fetchpriority=\"high\" decoding=\"async\" width=\"300\" height=\"245\" src=\"https:\/\/barelnorte.com\/wp-content\/uploads\/2026\/03\/ico_logo-300x245.jpg\" class=\"attachment-medium size-medium wp-image-27\" alt=\"\" srcset=\"https:\/\/barelnorte.com\/wp-content\/uploads\/2026\/03\/ico_logo-300x245.jpg 300w, https:\/\/barelnorte.com\/wp-content\/uploads\/2026\/03\/ico_logo-15x12.jpg 15w, https:\/\/barelnorte.com\/wp-content\/uploads\/2026\/03\/ico_logo.jpg 313w\" sizes=\"(max-width: 300px) 100vw, 300px\" \/>\t\t\t\t\t\t\t\t\t\t\t\t\t\t\t<\/div>\n\t\t\t\t<div class=\"elementor-element elementor-element-f4e84f1 elementor-widget elementor-widget-heading\" data-id=\"f4e84f1\" data-element_type=\"widget\" data-e-type=\"widget\" data-widget_type=\"heading.default\">\n\t\t\t\t\t<h2 class=\"elementor-heading-title elementor-size-default\">Nuestros Servicios<\/h2>\t\t\t\t<\/div>\n\t\t\t\t<div class=\"elementor-element elementor-element-80b112a elementor-widget elementor-widget-heading\" data-id=\"80b112a\" data-element_type=\"widget\" data-e-type=\"widget\" data-widget_type=\"heading.default\">\n\t\t\t\t\t<h2 class=\"elementor-heading-title elementor-size-default\">\u00a1Brindamos contigo!<\/h2>\t\t\t\t<\/div>\n\t\t\t\t<div class=\"elementor-element elementor-element-f893011 elementor-widget elementor-widget-text-editor\" data-id=\"f893011\" data-element_type=\"widget\" data-e-type=\"widget\" data-widget_type=\"text-editor.default\">\n\t\t\t\t\t\t\t\t\t<p>Bebidas refrescantes, deliciosos pintxos, bocatas exquisitas, y un variado menu peregrino que satisface todos los gustos.<\/p>\t\t\t\t\t\t\t\t<\/div>\n\t\t\t\t<\/div>\n\t\t<div class=\"elementor-element elementor-element-8decdbe e-con-full e-flex e-con e-child\" data-id=\"8decdbe\" data-element_type=\"container\" data-e-type=\"container\">\n\t\t\t\t<div class=\"elementor-element elementor-element-42b3326 elementor--h-position-center elementor--v-position-middle elementor-arrows-position-inside elementor-pagination-position-inside elementor-widget elementor-widget-slides\" data-id=\"42b3326\" data-element_type=\"widget\" data-e-type=\"widget\" data-settings=\"{&quot;navigation&quot;:&quot;both&quot;,&quot;autoplay&quot;:&quot;yes&quot;,&quot;pause_on_hover&quot;:&quot;yes&quot;,&quot;pause_on_interaction&quot;:&quot;yes&quot;,&quot;autoplay_speed&quot;:5000,&quot;infinite&quot;:&quot;yes&quot;,&quot;transition&quot;:&quot;slide&quot;,&quot;transition_speed&quot;:500}\" data-widget_type=\"slides.default\">\n\t\t\t\t\t\t\t\t\t\t<div class=\"elementor-slides-wrapper elementor-main-swiper swiper\" role=\"region\" aria-roledescription=\"carousel\" aria-label=\"Slides\" dir=\"ltr\" data-animation=\"fadeInUp\">\n\t\t\t\t<div class=\"swiper-wrapper elementor-slides\">\n\t\t\t\t\t\t\t\t\t\t<div class=\"elementor-repeater-item-1de3e43 swiper-slide\" role=\"group\" aria-roledescription=\"slide\"><div class=\"swiper-slide-bg\" role=\"img\" aria-label=\"different types of craft beer in glasses on table in pub interior\"><\/div><div class=\"swiper-slide-inner\" ><div class=\"swiper-slide-contents\"><\/div><\/div><\/div><div class=\"elementor-repeater-item-9afe164 swiper-slide\" role=\"group\" aria-roledescription=\"slide\"><div class=\"swiper-slide-bg\" role=\"img\" aria-label=\"Spicy banderillas with peppers, olives and anchovies for a party\"><\/div><div class=\"swiper-slide-inner\" ><div class=\"swiper-slide-contents\"><\/div><\/div><\/div><div class=\"elementor-repeater-item-4ecd939 swiper-slide\" role=\"group\" aria-roledescription=\"slide\"><div class=\"swiper-slide-bg\" role=\"img\" aria-label=\"2150541750.jpg\"><\/div><div class=\"swiper-slide-inner\" ><div class=\"swiper-slide-contents\"><\/div><\/div><\/div><div class=\"elementor-repeater-item-bac0b7c swiper-slide\" role=\"group\" aria-roledescription=\"slide\"><div class=\"swiper-slide-bg\" role=\"img\" aria-label=\"Ham &amp; cheese baguette sandwiches on wood.\"><\/div><div class=\"swiper-slide-inner\" ><div class=\"swiper-slide-contents\"><\/div><\/div><\/div>\t\t\t\t<\/div>\n\t\t\t\t\t\t\t\t\t\t\t\t\t\t\t<div class=\"elementor-swiper-button elementor-swiper-button-prev\" role=\"button\" tabindex=\"0\" aria-label=\"Previous slide\">\n\t\t\t\t\t\t\t<svg aria-hidden=\"true\" class=\"e-font-icon-svg e-eicon-chevron-left\" viewbox=\"0 0 1000 1000\" xmlns=\"http:\/\/www.w3.org\/2000\/svg\"><path d=\"M646 125C629 125 613 133 604 142L308 442C296 454 292 471 292 487 292 504 296 521 308 533L604 854C617 867 629 875 646 875 663 875 679 871 692 858 704 846 713 829 713 812 713 796 708 779 692 767L438 487 692 225C700 217 708 204 708 187 708 171 704 154 692 142 675 129 663 125 646 125Z\"><\/path><\/svg>\t\t\t\t\t\t<\/div>\n\t\t\t\t\t\t<div class=\"elementor-swiper-button elementor-swiper-button-next\" role=\"button\" tabindex=\"0\" aria-label=\"Next slide\">\n\t\t\t\t\t\t\t<svg aria-hidden=\"true\" class=\"e-font-icon-svg e-eicon-chevron-right\" viewbox=\"0 0 1000 1000\" xmlns=\"http:\/\/www.w3.org\/2000\/svg\"><path d=\"M696 533C708 521 713 504 713 487 713 471 708 454 696 446L400 146C388 133 375 125 354 125 338 125 325 129 313 142 300 154 292 171 292 187 292 204 296 221 308 233L563 492 304 771C292 783 288 800 288 817 288 833 296 850 308 863 321 871 338 875 354 875 371 875 388 867 400 854L696 533Z\"><\/path><\/svg>\t\t\t\t\t\t<\/div>\n\t\t\t\t\t\t\t\t\t\t\t\t\t\t\t\t<div class=\"swiper-pagination\"><\/div>\n\t\t\t\t\t\t\t\t\t\t\t\t<\/div>\n\t\t\t\t\t\t\t\t<\/div>\n\t\t\t\t<\/div>\n\t\t\t\t\t<\/div>\n\t\t\t\t<\/div>\n\t\t\t\t<\/div>","protected":false},"excerpt":{"rendered":"<p>Carta Nuestros Men\u00fa \u00a1Aqu\u00ed cada d\u00eda es buena excusa para reunirse alrededor de una mesa! Cont\u00e1ctanos Nuestros Servicios \u00a1Brindamos contigo! Bebidas refrescantes, deliciosos pintxos, bocatas exquisitas, y un variado menu peregrino que satisface todos los gustos.<\/p>","protected":false},"author":1,"featured_media":0,"parent":0,"menu_order":0,"comment_status":"closed","ping_status":"closed","template":"elementor_canvas","meta":{"footnotes":""},"class_list":["post-7","page","type-page","status-publish","hentry"],"yoast_head":"<!-- This site is optimized with the Yoast SEO plugin v27.4 - https:\/\/yoast.com\/product\/yoast-seo-wordpress\/ -->\n<title>Servicios - Bar Norte<\/title>\n<meta name=\"robots\" content=\"index, follow, max-snippet:-1, max-image-preview:large, max-video-preview:-1\" \/>\n<link rel=\"canonical\" href=\"https:\/\/barelnorte.com\/eu\/servicios\/\" \/>\n<meta property=\"og:locale\" content=\"en_US\" \/>\n<meta property=\"og:type\" content=\"article\" \/>\n<meta property=\"og:title\" content=\"Servicios - Bar Norte\" \/>\n<meta property=\"og:description\" content=\"Carta Nuestros Men\u00fa \u00a1Aqu\u00ed cada d\u00eda es buena excusa para reunirse alrededor de una mesa! Cont\u00e1ctanos Nuestros Servicios \u00a1Brindamos contigo! Bebidas refrescantes, deliciosos pintxos, bocatas exquisitas, y un variado menu peregrino que satisface todos los gustos.\" \/>\n<meta property=\"og:url\" content=\"https:\/\/barelnorte.com\/eu\/servicios\/\" \/>\n<meta property=\"og:site_name\" content=\"Bar Norte\" \/>\n<meta property=\"article:modified_time\" content=\"2026-03-25T11:16:30+00:00\" \/>\n<meta property=\"og:image\" content=\"https:\/\/barelnorte.com\/wp-content\/uploads\/2026\/03\/ico_logo-300x245.jpg\" \/>\n<meta name=\"twitter:card\" content=\"summary_large_image\" \/>\n<meta name=\"twitter:label1\" content=\"Est. reading time\" \/>\n\t<meta name=\"twitter:data1\" content=\"1 minutua\" \/>\n<script type=\"application\/ld+json\" class=\"yoast-schema-graph\">{\"@context\":\"https:\\\/\\\/schema.org\",\"@graph\":[{\"@type\":\"WebPage\",\"@id\":\"https:\\\/\\\/barelnorte.com\\\/servicios\\\/\",\"url\":\"https:\\\/\\\/barelnorte.com\\\/servicios\\\/\",\"name\":\"Servicios - Bar Norte\",\"isPartOf\":{\"@id\":\"https:\\\/\\\/barelnorte.com\\\/#website\"},\"primaryImageOfPage\":{\"@id\":\"https:\\\/\\\/barelnorte.com\\\/servicios\\\/#primaryimage\"},\"image\":{\"@id\":\"https:\\\/\\\/barelnorte.com\\\/servicios\\\/#primaryimage\"},\"thumbnailUrl\":\"https:\\\/\\\/barelnorte.com\\\/wp-content\\\/uploads\\\/2026\\\/03\\\/ico_logo-300x245.jpg\",\"datePublished\":\"2026-03-25T09:43:54+00:00\",\"dateModified\":\"2026-03-25T11:16:30+00:00\",\"breadcrumb\":{\"@id\":\"https:\\\/\\\/barelnorte.com\\\/servicios\\\/#breadcrumb\"},\"inLanguage\":\"eu\",\"potentialAction\":[{\"@type\":\"ReadAction\",\"target\":[\"https:\\\/\\\/barelnorte.com\\\/servicios\\\/\"]}]},{\"@type\":\"ImageObject\",\"inLanguage\":\"eu\",\"@id\":\"https:\\\/\\\/barelnorte.com\\\/servicios\\\/#primaryimage\",\"url\":\"https:\\\/\\\/barelnorte.com\\\/wp-content\\\/uploads\\\/2026\\\/03\\\/ico_logo-300x245.jpg\",\"contentUrl\":\"https:\\\/\\\/barelnorte.com\\\/wp-content\\\/uploads\\\/2026\\\/03\\\/ico_logo-300x245.jpg\"},{\"@type\":\"BreadcrumbList\",\"@id\":\"https:\\\/\\\/barelnorte.com\\\/servicios\\\/#breadcrumb\",\"itemListElement\":[{\"@type\":\"ListItem\",\"position\":1,\"name\":\"Portada\",\"item\":\"https:\\\/\\\/barelnorte.com\\\/\"},{\"@type\":\"ListItem\",\"position\":2,\"name\":\"Servicios\"}]},{\"@type\":\"WebSite\",\"@id\":\"https:\\\/\\\/barelnorte.com\\\/#website\",\"url\":\"https:\\\/\\\/barelnorte.com\\\/\",\"name\":\"Bar Norte\",\"description\":\"Bar Norte\",\"publisher\":{\"@id\":\"https:\\\/\\\/barelnorte.com\\\/#organization\"},\"potentialAction\":[{\"@type\":\"SearchAction\",\"target\":{\"@type\":\"EntryPoint\",\"urlTemplate\":\"https:\\\/\\\/barelnorte.com\\\/?s={search_term_string}\"},\"query-input\":{\"@type\":\"PropertyValueSpecification\",\"valueRequired\":true,\"valueName\":\"search_term_string\"}}],\"inLanguage\":\"eu\"},{\"@type\":\"Organization\",\"@id\":\"https:\\\/\\\/barelnorte.com\\\/#organization\",\"name\":\"Bar Norte\",\"url\":\"https:\\\/\\\/barelnorte.com\\\/\",\"logo\":{\"@type\":\"ImageObject\",\"inLanguage\":\"eu\",\"@id\":\"https:\\\/\\\/barelnorte.com\\\/#\\\/schema\\\/logo\\\/image\\\/\",\"url\":\"https:\\\/\\\/barelnorte.com\\\/wp-content\\\/uploads\\\/2026\\\/03\\\/logo_web.jpg\",\"contentUrl\":\"https:\\\/\\\/barelnorte.com\\\/wp-content\\\/uploads\\\/2026\\\/03\\\/logo_web.jpg\",\"width\":313,\"height\":256,\"caption\":\"Bar Norte\"},\"image\":{\"@id\":\"https:\\\/\\\/barelnorte.com\\\/#\\\/schema\\\/logo\\\/image\\\/\"}}]}<\/script>\n<!-- \/ Yoast SEO plugin. -->","yoast_head_json":{"title":"Servicios - Bar Norte","robots":{"index":"index","follow":"follow","max-snippet":"max-snippet:-1","max-image-preview":"max-image-preview:large","max-video-preview":"max-video-preview:-1"},"canonical":"https:\/\/barelnorte.com\/eu\/servicios\/","og_locale":"en_US","og_type":"article","og_title":"Servicios - Bar Norte","og_description":"Carta Nuestros Men\u00fa \u00a1Aqu\u00ed cada d\u00eda es buena excusa para reunirse alrededor de una mesa! Cont\u00e1ctanos Nuestros Servicios \u00a1Brindamos contigo! Bebidas refrescantes, deliciosos pintxos, bocatas exquisitas, y un variado menu peregrino que satisface todos los gustos.","og_url":"https:\/\/barelnorte.com\/eu\/servicios\/","og_site_name":"Bar Norte","article_modified_time":"2026-03-25T11:16:30+00:00","og_image":[{"url":"https:\/\/barelnorte.com\/wp-content\/uploads\/2026\/03\/ico_logo-300x245.jpg","type":"","width":"","height":""}],"twitter_card":"summary_large_image","twitter_misc":{"Est. reading time":"1 minutua"},"schema":{"@context":"https:\/\/schema.org","@graph":[{"@type":"WebPage","@id":"https:\/\/barelnorte.com\/servicios\/","url":"https:\/\/barelnorte.com\/servicios\/","name":"Servicios - Bar Norte","isPartOf":{"@id":"https:\/\/barelnorte.com\/#website"},"primaryImageOfPage":{"@id":"https:\/\/barelnorte.com\/servicios\/#primaryimage"},"image":{"@id":"https:\/\/barelnorte.com\/servicios\/#primaryimage"},"thumbnailUrl":"https:\/\/barelnorte.com\/wp-content\/uploads\/2026\/03\/ico_logo-300x245.jpg","datePublished":"2026-03-25T09:43:54+00:00","dateModified":"2026-03-25T11:16:30+00:00","breadcrumb":{"@id":"https:\/\/barelnorte.com\/servicios\/#breadcrumb"},"inLanguage":"eu","potentialAction":[{"@type":"ReadAction","target":["https:\/\/barelnorte.com\/servicios\/"]}]},{"@type":"ImageObject","inLanguage":"eu","@id":"https:\/\/barelnorte.com\/servicios\/#primaryimage","url":"https:\/\/barelnorte.com\/wp-content\/uploads\/2026\/03\/ico_logo-300x245.jpg","contentUrl":"https:\/\/barelnorte.com\/wp-content\/uploads\/2026\/03\/ico_logo-300x245.jpg"},{"@type":"BreadcrumbList","@id":"https:\/\/barelnorte.com\/servicios\/#breadcrumb","itemListElement":[{"@type":"ListItem","position":1,"name":"Portada","item":"https:\/\/barelnorte.com\/"},{"@type":"ListItem","position":2,"name":"Servicios"}]},{"@type":"WebSite","@id":"https:\/\/barelnorte.com\/#website","url":"https:\/\/barelnorte.com\/","name":"Bar Norte","description":"Bar Norte","publisher":{"@id":"https:\/\/barelnorte.com\/#organization"},"potentialAction":[{"@type":"SearchAction","target":{"@type":"EntryPoint","urlTemplate":"https:\/\/barelnorte.com\/?s={search_term_string}"},"query-input":{"@type":"PropertyValueSpecification","valueRequired":true,"valueName":"search_term_string"}}],"inLanguage":"eu"},{"@type":"Organization","@id":"https:\/\/barelnorte.com\/#organization","name":"Bar Norte","url":"https:\/\/barelnorte.com\/","logo":{"@type":"ImageObject","inLanguage":"eu","@id":"https:\/\/barelnorte.com\/#\/schema\/logo\/image\/","url":"https:\/\/barelnorte.com\/wp-content\/uploads\/2026\/03\/logo_web.jpg","contentUrl":"https:\/\/barelnorte.com\/wp-content\/uploads\/2026\/03\/logo_web.jpg","width":313,"height":256,"caption":"Bar Norte"},"image":{"@id":"https:\/\/barelnorte.com\/#\/schema\/logo\/image\/"}}]}},"_links":{"self":[{"href":"https:\/\/barelnorte.com\/eu\/wp-json\/wp\/v2\/pages\/7","targetHints":{"allow":["GET"]}}],"collection":[{"href":"https:\/\/barelnorte.com\/eu\/wp-json\/wp\/v2\/pages"}],"about":[{"href":"https:\/\/barelnorte.com\/eu\/wp-json\/wp\/v2\/types\/page"}],"author":[{"embeddable":true,"href":"https:\/\/barelnorte.com\/eu\/wp-json\/wp\/v2\/users\/1"}],"replies":[{"embeddable":true,"href":"https:\/\/barelnorte.com\/eu\/wp-json\/wp\/v2\/comments?post=7"}],"version-history":[{"count":58,"href":"https:\/\/barelnorte.com\/eu\/wp-json\/wp\/v2\/pages\/7\/revisions"}],"predecessor-version":[{"id":291,"href":"https:\/\/barelnorte.com\/eu\/wp-json\/wp\/v2\/pages\/7\/revisions\/291"}],"wp:attachment":[{"href":"https:\/\/barelnorte.com\/eu\/wp-json\/wp\/v2\/media?parent=7"}],"curies":[{"name":"wp","href":"https:\/\/api.w.org\/{rel}","templated":true}]}}